{"id":2736,"date":"2021-12-15T14:49:50","date_gmt":"2021-12-15T14:49:50","guid":{"rendered":"https:\/\/premiosadcv.com\/politica-de-cookies\/"},"modified":"2022-01-16T19:47:56","modified_gmt":"2022-01-16T18:47:56","slug":"politica-de-cookies","status":"publish","type":"page","link":"https:\/\/premiosadcv.com\/ca\/politica-de-cookies\/","title":{"rendered":"Pol\u00edtica de cookies"},"content":{"rendered":"<header class=\"main-heading\">\n<h1 class=\"wp-block-heading\">Pol\u00edtica de cookies<\/h1>\n<\/header>\n\n\n<p><strong>1. Definici\u00f3n y funci\u00f3n gen\u00e9rica de las<\/strong>&nbsp;<strong>cookies<\/strong><\/p>\n\n\n\n<p>La Asociaci\u00f3n de Dise\u00f1adores de la Comunidad Valenciana informa que se utilizan cookies y\/o tecnolog\u00edas similares que almacenan y recuperan informaci\u00f3n cuando navegas. En general, estas tecnolog\u00edas pueden servir para finalidades muy diversas, como, por ejemplo, reconocerte como usuario, obtener informaci\u00f3n sobre tus h\u00e1bitos de navegaci\u00f3n, o personalizar la forma en que se muestra el contenido. Los usos concretos que hacemos de estas tecnolog\u00edas se describen a continuaci\u00f3n.<\/p>\n\n\n\n<div style=\"height:30px\" aria-hidden=\"true\" class=\"wp-block-spacer\"><\/div>\n\n\n\n<p><strong>2. Informaci\u00f3n sobre el tipo de cookies que se utilizan y su finalidad<\/strong><strong><\/strong><\/p>\n\n\n\n<ul class=\"wp-block-list\"><li><strong>T\u00e9cnicas:<\/strong>&nbsp;Son aquellas necesarias para la navegaci\u00f3n y el buen funcionamiento de nuestro website. Permiten, por ejemplo, controlar el tr\u00e1fico y la comunicaci\u00f3n de datos, acceder a partes de acceso restringido, realizar el proceso de compra de un pedido, utilizar elementos de seguridad, almacenar contenidos para poder difundir v\u00eddeos o compartir contenidos a trav\u00e9s de redes sociales.<strong><\/strong><\/li><li><strong>De personalizaci\u00f3n:<\/strong>&nbsp;Son aqu\u00e9llas que permiten al Usuario acceder al servicio con unas caracter\u00edsticas predefinidas en funci\u00f3n de una serie de criterios, como por ejemplo el idioma, el tipo de navegador a trav\u00e9s del cual se accede al servicio, la configuraci\u00f3n regional desde donde se accede al servicio, etc.<strong><\/strong><\/li><li><strong>De an\u00e1lisis:<\/strong>&nbsp;son aquellas que, tratadas por nosotros o por terceros, nos permiten cuantificar el n\u00famero de usuarios y as\u00ed realizar la medici\u00f3n y an\u00e1lisis estad\u00edstico de la utilizaci\u00f3n que hacen los usuarios del servicio ofertado. Para ello se analiza su navegaci\u00f3n en nuestra p\u00e1gina web con el fin de mejorar la oferta de productos o servicios que le ofrecemos.<strong><\/strong><\/li><li><strong>Publicitarias:<\/strong>&nbsp;Son aqu\u00e9llas que permiten la gesti\u00f3n, de la forma m\u00e1s eficaz posible, de los espacios publicitarios que se pudieran incluir en nuestro website.<strong><\/strong><\/li><li><strong>Publicitarias comportamentales<\/strong>: son aquellas que, tratadas por nosotros o por terceros, nos permiten analizar sus h\u00e1bitos de navegaci\u00f3n en Internet para que podamos mostrarle publicidad relacionada con su perfil de navegaci\u00f3n.<strong><\/strong><\/li><\/ul>\n\n\n\n<p><strong>&nbsp;<\/strong>ADCV utiliza en su sitio Web:<strong><\/strong><\/p>\n\n\n\n<figure class=\"wp-block-table\"><table><tbody><tr><td><strong>PERTENENCIA<\/strong><\/td><td><strong>FINALIDAD<\/strong><\/td><td><strong>NOMBRE<\/strong><\/td><td><strong>DURACI\u00d3N<\/strong><\/td><\/tr><tr><td><strong>Google Analytics<\/strong><\/td><td>Google Analytics se utiliza para recoger&nbsp;<strong>estad\u00edsticas an\u00f3nimas<\/strong>&nbsp;de visitas y uso, como la duraci\u00f3n,&nbsp;origen y destino y duraci\u00f3n de las sesiones de navegaci\u00f3n, as\u00ed como crear listas de remarketing para mostrar anuncios de inter\u00e9s para el usuario.<\/td><td>_gat_UA-179467978-1<\/td><td>Persistente<\/td><\/tr><tr><td>&nbsp;<\/td><td>Google Analytics la utiliza para distinguir a los usuarios con una duraci\u00f3n m\u00e1xima de 2 a\u00f1os<\/td><td>_ga<\/td><td>Persistente<\/td><\/tr><tr><td>&nbsp;<\/td><td>Google Analytics la utiliza para distinguir a los usuarios con una duraci\u00f3n m\u00e1xima de 24 horas<\/td><td>_gid<\/td><td>Persistente<\/td><\/tr><tr><td><strong>Propias<\/strong><\/td><td>Para recordar si el usuario&nbsp;<strong>autoriza el uso de cookies<\/strong>&nbsp;en la web y no mostrarle otra vez el mensaje<\/td><td>cc_cookie_accept. Tambi\u00e9n contamos con cookies para el seguimiento de envi\u00f3 de los formularios implementados en nuestra web<\/td><td>Persistente<\/td><\/tr><\/tbody><\/table><\/figure>\n\n\n\n<p><a href=\"https:\/\/www.adcv.com\/#gdpr_cookie_modal\">Cambiar ajustes de las cookies.<\/a><strong><\/strong><\/p>\n\n\n\n<div style=\"height:30px\" aria-hidden=\"true\" class=\"wp-block-spacer\"><\/div>\n\n\n\n<p><strong><br>3. Identificaci\u00f3n de qui\u00e9n utiliza las&nbsp;cookies<\/strong><\/p>\n\n\n\n<p>La informaci\u00f3n obtenida por las cookies es tratada solo por nuestro editor y\/o tambi\u00e9n por terceros con los que nuestro editor haya contratado la prestaci\u00f3n de un servicio para el cual se requiera el uso de cookies:<strong><\/strong><\/p>\n\n\n\n<p><strong>Cookies propias<\/strong>: Son aquellas que se env\u00edan a su equipo desde nuestros propios equipos o dominios y desde el que prestamos el servicio que nos solicita.<strong><\/strong><\/p>\n\n\n\n<p><strong>Cookies de terceros<\/strong>: Son aquellas que se env\u00edan a su equipo desde un equipo o dominio que no es gestionado por nosotros, sino por otra entidad colaboradora. Como, por ejemplo, las usadas por redes sociales, o por contenido externo como Google Maps, las que permiten cuantificar el n\u00famero de usuarios y as\u00ed realizar la medici\u00f3n y an\u00e1lisis estad\u00edstico de la utilizaci\u00f3n que hacen los usuarios del servicio ofertado. Para ello se analiza su navegaci\u00f3n en nuestra p\u00e1gina web con el fin de mejorar la oferta de productos o servicios que le ofrecemos. Conoce a los terceros&nbsp;<a href=\"https:\/\/policies.google.com\/technologies\/cookies?hl=es\"><strong>AQU\u00cd<\/strong><\/a>.<\/p>\n\n\n\n<div style=\"height:30px\" aria-hidden=\"true\" class=\"wp-block-spacer\"><\/div>\n\n\n\n<p><strong>4. Activaci\u00f3n, restricci\u00f3n y\/o inhabilitaci\u00f3n de cookies<\/strong><\/p>\n\n\n\n<p>Puede usted permitir o bloquearlas cookies, as\u00ed como borrar sus datos de navegaci\u00f3n (incluidas las cookies) desde el navegador que usted utiliza.&nbsp;Consulte las opciones e instrucciones que ofrece su navegador para ello.&nbsp;Tenga en cuenta&nbsp;que si acepta las cookies de terceros, deber\u00e1 eliminarlas desde las opciones de su navegador.<\/p>\n\n\n\n<div style=\"height:30px\" aria-hidden=\"true\" class=\"wp-block-spacer\"><\/div>\n\n\n\n<p><strong>5. No realizamos trasferencia de datos a terceros pa\u00edses realizadas por el editor<\/strong><\/p>\n\n\n\n<p>Puedes informarte de las transferencias a terceros pa\u00edses que, en su caso, realizan los terceros identificados en esta pol\u00edtica de cookies en sus correspondientes pol\u00edticas (ver los enlaces facilitados en el apartado \u201cCookies de terceros\u201d).<\/p>\n\n\n\n<div style=\"height:30px\" aria-hidden=\"true\" class=\"wp-block-spacer\"><\/div>\n\n\n\n<p><strong>6.&nbsp;Elaboraci\u00f3n de perfiles<\/strong><\/p>\n\n\n\n<p>No realizamos elaboraci\u00f3n de perfiles de ning\u00fan tipo.<\/p>\n\n\n\n<div style=\"height:30px\" aria-hidden=\"true\" class=\"wp-block-spacer\"><\/div>\n\n\n\n<p><strong>7.&nbsp;Periodo de conservaci\u00f3n<\/strong><\/p>\n\n\n\n<ul class=\"wp-block-list\"><li><strong>Cookies de sesi\u00f3n<\/strong>: Son cookies temporales que permanecen en el archivo de cookies de su navegador hasta que el Usuario abandona la p\u00e1gina web, por lo que ninguna queda registrada en el disco duro de su ordenador. La informaci\u00f3n obtenida por medio de estas cookies, sirven para analizar pautas de tr\u00e1fico en el website. A la larga, esto nos permite proporcionar una mejor experiencia para mejorar el contenido y facilitar su uso.<strong><\/strong><\/li><li><strong>Cookies persistentes<\/strong>: son almacenadas en el disco duro y nuestra web las lee cada vez que el Usuario realiza una nueva visita. Una cookie permanente posee una fecha de expiraci\u00f3n determinada. La cookie dejar\u00e1 de funcionar despu\u00e9s de esa fecha. Estas cookies las utilizamos, generalmente, para facilitar los servicios de compra y registro.<strong><\/strong><\/li><\/ul>\n\n\n\n<div style=\"height:30px\" aria-hidden=\"true\" class=\"wp-block-spacer\"><\/div>\n\n\n\n<p><strong>8. Resto de informaci\u00f3n<\/strong><\/p>\n\n\n\n<p>En relaci\u00f3n con el resto de informaci\u00f3n exigida por el art\u00edculo 13 RGPD puedes verla pulsando&nbsp;<a href=\"https:\/\/www.adcv.com\/politica-de-privacidad\/\"><strong>AQU\u00cd.<\/strong><\/a><\/p>\n","protected":false},"excerpt":{"rendered":"<p>Pol\u00edtica de cookies 1. Definici\u00f3n y funci\u00f3n gen\u00e9rica de las&nbsp;cookies La Asociaci\u00f3n de Dise\u00f1adores de la Comunidad Valenciana informa que se utilizan cookies y\/o tecnolog\u00edas similares que almacenan y recuperan informaci\u00f3n cuando navegas. En general, estas tecnolog\u00edas pueden servir para finalidades muy diversas, como, por ejemplo, reconocerte como usuario, obtener informaci\u00f3n sobre tus h\u00e1bitos de [&hellip;]<\/p>\n","protected":false},"author":10,"featured_media":0,"parent":0,"menu_order":0,"comment_status":"closed","ping_status":"closed","template":"","meta":{"inline_featured_image":false,"footnotes":""},"class_list":["post-2736","page","type-page","status-publish","hentry"],"acf":[],"yoast_head":"<!-- This site is optimized with the Yoast SEO plugin v21.4 - https:\/\/yoast.com\/wordpress\/plugins\/seo\/ -->\n<title>Pol\u00edtica de cookies &#8211; Premis ADCV<\/title>\n<meta name=\"robots\" content=\"index, follow, max-snippet:-1, max-image-preview:large, max-video-preview:-1\" \/>\n<link rel=\"canonical\" href=\"https:\/\/premiosadcv.com\/ca\/politica-de-cookies\/\" \/>\n<meta property=\"og:locale\" content=\"ca_ES\" \/>\n<meta property=\"og:type\" content=\"article\" \/>\n<meta property=\"og:title\" content=\"Pol\u00edtica de cookies &#8211; Premis ADCV\" \/>\n<meta property=\"og:description\" content=\"Pol\u00edtica de cookies 1. Definici\u00f3n y funci\u00f3n gen\u00e9rica de las&nbsp;cookies La Asociaci\u00f3n de Dise\u00f1adores de la Comunidad Valenciana informa que se utilizan cookies y\/o tecnolog\u00edas similares que almacenan y recuperan informaci\u00f3n cuando navegas. En general, estas tecnolog\u00edas pueden servir para finalidades muy diversas, como, por ejemplo, reconocerte como usuario, obtener informaci\u00f3n sobre tus h\u00e1bitos de [&hellip;]\" \/>\n<meta property=\"og:url\" content=\"https:\/\/premiosadcv.com\/ca\/politica-de-cookies\/\" \/>\n<meta property=\"og:site_name\" content=\"Premis ADCV\" \/>\n<meta property=\"article:modified_time\" content=\"2022-01-16T18:47:56+00:00\" \/>\n<meta name=\"twitter:card\" content=\"summary_large_image\" \/>\n<meta name=\"twitter:label1\" content=\"Temps estimat de lectura\" \/>\n\t<meta name=\"twitter:data1\" content=\"5 minuts\" \/>\n<script type=\"application\/ld+json\" class=\"yoast-schema-graph\">{\"@context\":\"https:\/\/schema.org\",\"@graph\":[{\"@type\":\"WebPage\",\"@id\":\"https:\/\/premiosadcv.com\/ca\/politica-de-cookies\/\",\"url\":\"https:\/\/premiosadcv.com\/ca\/politica-de-cookies\/\",\"name\":\"Pol\u00edtica de cookies &#8211; Premis ADCV\",\"isPartOf\":{\"@id\":\"https:\/\/premiosadcv.com\/ca\/#website\"},\"datePublished\":\"2021-12-15T14:49:50+00:00\",\"dateModified\":\"2022-01-16T18:47:56+00:00\",\"breadcrumb\":{\"@id\":\"https:\/\/premiosadcv.com\/ca\/politica-de-cookies\/#breadcrumb\"},\"inLanguage\":\"ca\",\"potentialAction\":[{\"@type\":\"ReadAction\",\"target\":[\"https:\/\/premiosadcv.com\/ca\/politica-de-cookies\/\"]}]},{\"@type\":\"BreadcrumbList\",\"@id\":\"https:\/\/premiosadcv.com\/ca\/politica-de-cookies\/#breadcrumb\",\"itemListElement\":[{\"@type\":\"ListItem\",\"position\":1,\"name\":\"Portada\",\"item\":\"https:\/\/premiosadcv.com\/ca\/\"},{\"@type\":\"ListItem\",\"position\":2,\"name\":\"Pol\u00edtica de cookies\"}]},{\"@type\":\"WebSite\",\"@id\":\"https:\/\/premiosadcv.com\/ca\/#website\",\"url\":\"https:\/\/premiosadcv.com\/ca\/\",\"name\":\"Premis ADCV\",\"description\":\"\",\"potentialAction\":[{\"@type\":\"SearchAction\",\"target\":{\"@type\":\"EntryPoint\",\"urlTemplate\":\"https:\/\/premiosadcv.com\/ca\/?s={search_term_string}\"},\"query-input\":\"required name=search_term_string\"}],\"inLanguage\":\"ca\"}]}<\/script>\n<!-- \/ Yoast SEO plugin. -->","yoast_head_json":{"title":"Pol\u00edtica de cookies &#8211; Premis ADCV","robots":{"index":"index","follow":"follow","max-snippet":"max-snippet:-1","max-image-preview":"max-image-preview:large","max-video-preview":"max-video-preview:-1"},"canonical":"https:\/\/premiosadcv.com\/ca\/politica-de-cookies\/","og_locale":"ca_ES","og_type":"article","og_title":"Pol\u00edtica de cookies &#8211; Premis ADCV","og_description":"Pol\u00edtica de cookies 1. Definici\u00f3n y funci\u00f3n gen\u00e9rica de las&nbsp;cookies La Asociaci\u00f3n de Dise\u00f1adores de la Comunidad Valenciana informa que se utilizan cookies y\/o tecnolog\u00edas similares que almacenan y recuperan informaci\u00f3n cuando navegas. En general, estas tecnolog\u00edas pueden servir para finalidades muy diversas, como, por ejemplo, reconocerte como usuario, obtener informaci\u00f3n sobre tus h\u00e1bitos de [&hellip;]","og_url":"https:\/\/premiosadcv.com\/ca\/politica-de-cookies\/","og_site_name":"Premis ADCV","article_modified_time":"2022-01-16T18:47:56+00:00","twitter_card":"summary_large_image","twitter_misc":{"Temps estimat de lectura":"5 minuts"},"schema":{"@context":"https:\/\/schema.org","@graph":[{"@type":"WebPage","@id":"https:\/\/premiosadcv.com\/ca\/politica-de-cookies\/","url":"https:\/\/premiosadcv.com\/ca\/politica-de-cookies\/","name":"Pol\u00edtica de cookies &#8211; Premis ADCV","isPartOf":{"@id":"https:\/\/premiosadcv.com\/ca\/#website"},"datePublished":"2021-12-15T14:49:50+00:00","dateModified":"2022-01-16T18:47:56+00:00","breadcrumb":{"@id":"https:\/\/premiosadcv.com\/ca\/politica-de-cookies\/#breadcrumb"},"inLanguage":"ca","potentialAction":[{"@type":"ReadAction","target":["https:\/\/premiosadcv.com\/ca\/politica-de-cookies\/"]}]},{"@type":"BreadcrumbList","@id":"https:\/\/premiosadcv.com\/ca\/politica-de-cookies\/#breadcrumb","itemListElement":[{"@type":"ListItem","position":1,"name":"Portada","item":"https:\/\/premiosadcv.com\/ca\/"},{"@type":"ListItem","position":2,"name":"Pol\u00edtica de cookies"}]},{"@type":"WebSite","@id":"https:\/\/premiosadcv.com\/ca\/#website","url":"https:\/\/premiosadcv.com\/ca\/","name":"Premis ADCV","description":"","potentialAction":[{"@type":"SearchAction","target":{"@type":"EntryPoint","urlTemplate":"https:\/\/premiosadcv.com\/ca\/?s={search_term_string}"},"query-input":"required name=search_term_string"}],"inLanguage":"ca"}]}},"_links":{"self":[{"href":"https:\/\/premiosadcv.com\/ca\/wp-json\/wp\/v2\/pages\/2736","targetHints":{"allow":["GET"]}}],"collection":[{"href":"https:\/\/premiosadcv.com\/ca\/wp-json\/wp\/v2\/pages"}],"about":[{"href":"https:\/\/premiosadcv.com\/ca\/wp-json\/wp\/v2\/types\/page"}],"author":[{"embeddable":true,"href":"https:\/\/premiosadcv.com\/ca\/wp-json\/wp\/v2\/users\/10"}],"replies":[{"embeddable":true,"href":"https:\/\/premiosadcv.com\/ca\/wp-json\/wp\/v2\/comments?post=2736"}],"version-history":[{"count":1,"href":"https:\/\/premiosadcv.com\/ca\/wp-json\/wp\/v2\/pages\/2736\/revisions"}],"predecessor-version":[{"id":2766,"href":"https:\/\/premiosadcv.com\/ca\/wp-json\/wp\/v2\/pages\/2736\/revisions\/2766"}],"wp:attachment":[{"href":"https:\/\/premiosadcv.com\/ca\/wp-json\/wp\/v2\/media?parent=2736"}],"curies":[{"name":"wp","href":"https:\/\/api.w.org\/{rel}","templated":true}]}}